{"id":1935,"date":"2023-11-12T23:01:35","date_gmt":"2023-11-12T23:01:35","guid":{"rendered":"https:\/\/digitalsteam.ca\/?page_id=1935"},"modified":"2023-12-20T20:18:49","modified_gmt":"2023-12-20T20:18:49","slug":"a-propos","status":"publish","type":"page","link":"https:\/\/digitalsteam.ca\/fr\/agence-web\/a-propos\/","title":{"rendered":"\u00c0 propos"},"content":{"rendered":"<h1>DIGITALSteam : Votre Catalyseur Num\u00e9rique<\/h1>\n<h2>Plus de 20 ans d&rsquo;Expertise et d&rsquo;Innovation au Service de Votre Croissance en Ligne<\/h2>\n<div>\n<p>        <img decoding=\"async\" src=\"\/wp-content\/uploads\/2023\/11\/DIGITALSTEAM_AboutUsDanny.jpeg\" alt=\"Danny Malouin - CEO and founder of DIGITALSteam\"><\/p>\n<h3>Danny Malouin<\/h3>\n<p>Strat\u00e8ge Digital<\/p>\n<\/div>\n<div>\n<p>N\u00e9e de l&rsquo;accumulation de plus de <strong>20 ans d&rsquo;exp\u00e9rience en affaires num\u00e9riques<\/strong> et de collaborations fructueuses avec des partenaires strat\u00e9giques de longue date, DIGITALSteam est l&rsquo;accomplissement du parcours professionnel de Danny Malouin. Son exp\u00e9rience riche et diversifi\u00e9e dans les domaines des <strong>affaires<\/strong>, du <strong>web<\/strong> et du <strong>branding<\/strong>\/<strong>marketing<\/strong> a culmin\u00e9 dans la cr\u00e9ation de DIGITALSteam, faisant de cette entreprise la synth\u00e8se de ses exp\u00e9riences.<\/p>\n<p>Chez DIGITALSteam, nous sommes votre \u00e9quipe de conseillers en affaires num\u00e9riques, agissant comme <strong>facilitateurs<\/strong> pour orienter votre transition vers le monde en ligne. Que vous lanciez une <strong>nouvelle entreprise<\/strong> ou cherchiez \u00e0 <strong>acc\u00e9l\u00e9rer la croissance<\/strong> d&rsquo;une entreprise existante, nous proposons une gamme compl\u00e8te de services pour lancer, d\u00e9velopper et renforcer votre pr\u00e9sence en ligne. En tant qu&rsquo;entit\u00e9 parente, nous unissons quatre unit\u00e9s compl\u00e9mentaires &#8211; <strong>BRANDSteam<\/strong>, <strong>WEBSteam<\/strong>, <strong>HOSTSteam<\/strong>, <strong>MARKETSteam<\/strong> &#8211; travaillant ensemble pour vous offrir une solution num\u00e9rique unique et globale. Du d\u00e9veloppement de votre image de marque \u00e0 la commercialisation mondiale de vos produits, nous d\u00e9terminons vos besoins et nos unit\u00e9s int\u00e9gr\u00e9es mettent en \u0153uvre les solutions ad\u00e9quates.<\/p>\n<p>Pr\u00eat \u00e0 <strong>propulser votre projet<\/strong> \u00e0 un niveau sup\u00e9rieur? DIGITALSteam est votre partenaire privil\u00e9gi\u00e9 pour transformer vos ambitions en r\u00e9alit\u00e9s concr\u00e8tes. Avec notre expertise, notre d\u00e9vouement et nos<strong> solutions innovantes<\/strong>, nous sommes pr\u00eats \u00e0 accompagner votre vision. Contactez-nous d\u00e8s aujourd&rsquo;hui et ensemble, concr\u00e9tisons votre r\u00eave num\u00e9rique.<\/p>\n<\/div>\n<h3>Pourquoi<\/h3>\n<h2>DIGITAL STEAM<\/h2>\n<h2>?<\/h2>\n<h3>Exp\u00e9rience d&rsquo;affaires num\u00e9rique in\u00e9gal\u00e9e<\/h3>\n<div>\n<p>Chez DIGITALSteam, nous sommes une <strong>agence num\u00e9rique tout-en-un<\/strong>, combinant diverses comp\u00e9tences sous un m\u00eame toit pour optimiser votre temps et vos ressources. Forts de notre vaste exp\u00e9rience, d\u00e9montr\u00e9e par nos <a href=\"https:\/\/digitalsteam.ca\/realisations\/\"><strong>nombreuses r\u00e9alisations<\/strong><\/a>, nous offrons des solutions rapides et efficaces.<\/p>\n<p>Nous sommes particuli\u00e8rement attentifs \u00e0 vos besoins sp\u00e9cifiques et <strong>nous nous investissons passionn\u00e9ment dans votre r\u00e9ussite<\/strong>. Avec DIGITALSteam, vous b\u00e9n\u00e9ficiez d&rsquo;un partenaire v\u00e9ritablement engag\u00e9 envers l&rsquo;obtention de r\u00e9sultats positifs.<\/p>\n<\/div>\n<h2>Design moderne et intemporel<\/h2>\n<div>Bien que vous puissiez penser qu&rsquo;il est plus efficace de r\u00e9partir votre travail entre un large \u00e9ventail de sp\u00e9cialistes, la v\u00e9rit\u00e9 est que cela peut conduire \u00e0 une sensation tr\u00e8s \u00abd\u00e9connect\u00e9e\u00bb pour votre projet. \u00c9quilibrer plusieurs chefs de projet, \u00e9ch\u00e9ances et processus d&rsquo;approbation est un casse-t\u00eate et le temps que vous \u00e9conomisez en externalisant votre projet n&rsquo;aura bient\u00f4t plus d&rsquo;importance que le temps que vous passerez \u00e0 le g\u00e9rer.<\/div>\n<div>Travailler avec Digital Steam signifie que vous n&rsquo;avez pas \u00e0 vous soucier des incoh\u00e9rences ou des probl\u00e8mes de communication. Nos experts travaillent en \u00e9troite collaboration avec vous pour vous aider \u00e0 guider votre projet de la meilleure fa\u00e7on pour vous et votre entreprise. \u00catre une solution tout-en-un pour votre expansion num\u00e9rique signifie que notre \u00e9quipe travaille \u00e0 partir du m\u00eame sc\u00e9nario et utilise notre expertise collective pour g\u00e9n\u00e9rer de nouvelles id\u00e9es qui aident votre entreprise \u00e0 se d\u00e9marquer de la foule.<\/div>\n<h2>La seule agence dont vous avez besoin<\/h2>\n<div>Notre \u00e9quipe se compose de v\u00e9ritables experts de l&rsquo;industrie avec des ann\u00e9es d&rsquo;exp\u00e9rience dans le monde en constante \u00e9volution de la strat\u00e9gie num\u00e9rique. Lorsque vous nous choisissez pour votre expansion num\u00e9rique, vous \u00eates entre de bonnes mains. Notre \u00e9quipe vous aidera \u00e0 garder votre passage \u00e0 la sph\u00e8re en ligne aussi simple et sans stress que possible. Avec notre \u00e9quipe d\u00e9di\u00e9e \u00e0 votre disposition, votre entreprise effectuera la transition avec un minimum d&rsquo;efforts en votre nom.<\/div>\n<p><!--more--><br \/>\n<!-- {\"type\":\"layout\",\"children\":[{\"name\":\"Hero\",\"type\":\"section\",\"props\":{\"image_position\":\"center-center\",\"image_size\":\"cover\",\"media_background\":\"#FCDE62\",\"media_blend_mode\":\"overlay\",\"media_overlay\":\"#F9D23C\",\"padding\":\"small\",\"padding_remove_bottom\":false,\"padding_remove_top\":false,\"style\":\"primary\",\"title_breakpoint\":\"xl\",\"title_position\":\"top-left\",\"title_rotation\":\"left\",\"vertical_align\":\"middle\",\"width\":\"xlarge\"},\"children\":[{\"type\":\"row\",\"props\":{\"margin_remove_top\":false},\"children\":[{\"type\":\"column\",\"props\":{\"image_position\":\"center-center\",\"position_sticky_breakpoint\":\"m\",\"width_medium\":\"1-1\"},\"children\":[{\"type\":\"headline\",\"props\":{\"animation\":\"parallax\",\"content\":\"DIGITALSteam : Votre Catalyseur Num\\u00e9rique\",\"margin_remove_bottom\":true,\"maxwidth_breakpoint\":\"m\",\"parallax_breakpoint\":\"m\",\"parallax_easing\":\"1\",\"parallax_y\":\"0,-75\",\"text_align\":\"center\",\"text_align_breakpoint\":\"m\",\"text_align_fallback\":\"center\",\"title_element\":\"h1\",\"title_style\":\"heading-medium\"}},{\"type\":\"headline\",\"props\":{\"animation\":\"parallax\",\"content\":\"Plus de 20 ans d'Expertise et d'Innovation au Service de Votre Croissance en Ligne\",\"margin_remove_top\":true,\"maxwidth_breakpoint\":\"m\",\"parallax_breakpoint\":\"m\",\"parallax_easing\":\"1\",\"parallax_y\":\"0,-75\",\"text_align\":\"center\",\"text_align_breakpoint\":\"m\",\"text_align_fallback\":\"center\",\"title_element\":\"h2\",\"title_style\":\"h3\"}}]}]}]},{\"type\":\"section\",\"props\":{\"image\":\"wp-content\\\/uploads\\\/2023\\\/11\\\/DIGITALSTEAM_AboutUsBKG.jpeg\",\"image_focal_point\":\"center-left\",\"image_position\":\"center-center\",\"style\":\"default\",\"title_breakpoint\":\"xl\",\"title_position\":\"top-left\",\"title_rotation\":\"left\",\"vertical_align\":\"middle\",\"width\":\"default\"},\"children\":[{\"type\":\"row\",\"children\":[{\"type\":\"column\",\"props\":{\"image_position\":\"center-center\",\"position_sticky_breakpoint\":\"m\"},\"children\":[{\"type\":\"panel\",\"props\":{\"block_align\":\"right\",\"block_align_breakpoint\":\"s\",\"block_align_fallback\":\"center\",\"content_column_breakpoint\":\"m\",\"icon_width\":80,\"image\":\"wp-content\\\/uploads\\\/2023\\\/11\\\/DIGITALSTEAM_AboutUsDanny.jpeg\",\"image_align\":\"top\",\"image_alt\":\"Danny Malouin - CEO and founder of DIGITALSteam\",\"image_grid_breakpoint\":\"m\",\"image_grid_width\":\"1-2\",\"image_svg_color\":\"emphasis\",\"link_style\":\"default\",\"link_text\":\"Read more\",\"margin\":\"small\",\"maxwidth\":\"medium\",\"meta\":\"Strat\\u00e8ge Digital\",\"meta_align\":\"below-title\",\"meta_color\":\"emphasis\",\"meta_element\":\"div\",\"meta_margin\":\"remove\",\"meta_style\":\"text-meta\",\"panel_padding\":\"small\",\"panel_style\":\"card-default\",\"text_align\":\"center\",\"title\":\"Danny Malouin\",\"title_align\":\"top\",\"title_element\":\"h3\",\"title_grid_breakpoint\":\"m\",\"title_grid_width\":\"1-2\",\"title_hover_style\":\"reset\"}}]}]}]},{\"type\":\"section\",\"props\":{\"image_position\":\"center-center\",\"style\":\"default\",\"title_breakpoint\":\"xl\",\"title_position\":\"top-left\",\"title_rotation\":\"left\",\"vertical_align\":\"middle\",\"width\":\"default\"},\"children\":[{\"type\":\"row\",\"children\":[{\"type\":\"column\",\"props\":{\"image_position\":\"center-center\",\"position_sticky_breakpoint\":\"m\"},\"children\":[{\"type\":\"text\",\"props\":{\"column_breakpoint\":\"m\",\"content\":\"\n\n<p>N\\u00e9e de l'accumulation de plus de <strong>20 ans d'exp\\u00e9rience en affaires num\\u00e9riques<\\\/strong> et de collaborations fructueuses avec des partenaires strat\\u00e9giques de longue date, DIGITALSteam est l'accomplissement du parcours professionnel de Danny Malouin. Son exp\\u00e9rience riche et diversifi\\u00e9e dans les domaines des <strong>affaires<\\\/strong>, du <strong>web<\\\/strong> et du <strong>branding<\\\/strong>\\\/<strong>marketing<\\\/strong> a culmin\\u00e9 dans la cr\\u00e9ation de DIGITALSteam, faisant de cette entreprise la synth\\u00e8se de ses exp\\u00e9riences.<\\\/p>\\n\n\n<p>Chez DIGITALSteam, nous sommes votre \\u00e9quipe de conseillers en affaires num\\u00e9riques, agissant comme <strong>facilitateurs<\\\/strong> pour orienter votre transition vers le monde en ligne. Que vous lanciez une <strong>nouvelle entreprise<\\\/strong> ou cherchiez \\u00e0 <strong>acc\\u00e9l\\u00e9rer la croissance<\\\/strong> d'une entreprise existante, nous proposons une gamme compl\\u00e8te de services pour lancer, d\\u00e9velopper et renforcer votre pr\\u00e9sence en ligne. En tant qu'entit\\u00e9 parente, nous unissons quatre unit\\u00e9s compl\\u00e9mentaires - <strong>BRANDSteam<\\\/strong>, <strong>WEBSteam<\\\/strong>, <strong>HOSTSteam<\\\/strong>, <strong>MARKETSteam<\\\/strong> - travaillant ensemble pour vous offrir une solution num\\u00e9rique unique et globale. Du d\\u00e9veloppement de votre image de marque \\u00e0 la commercialisation mondiale de vos produits, nous d\\u00e9terminons vos besoins et nos unit\\u00e9s int\\u00e9gr\\u00e9es mettent en \\u0153uvre les solutions ad\\u00e9quates.<\\\/p>\\n\n\n<p>Pr\\u00eat \\u00e0 <strong>propulser votre projet<\\\/strong> \\u00e0 un niveau sup\\u00e9rieur? DIGITALSteam est votre partenaire privil\\u00e9gi\\u00e9 pour transformer vos ambitions en r\\u00e9alit\\u00e9s concr\\u00e8tes. Avec notre expertise, notre d\\u00e9vouement et nos<strong> solutions innovantes<\\\/strong>, nous sommes pr\\u00eats \\u00e0 accompagner votre vision. Contactez-nous d\\u00e8s aujourd'hui et ensemble, concr\\u00e9tisons votre r\\u00eave num\\u00e9rique.<\\\/p>\",\"margin\":\"default\",\"text_align\":\"justify\"}}]}]}]},{\"name\":\"WHY\",\"type\":\"section\",\"props\":{\"image_position\":\"center-center\",\"padding_remove_bottom\":false,\"padding_remove_top\":true,\"style\":\"default\",\"title_breakpoint\":\"xl\",\"title_position\":\"top-left\",\"title_rotation\":\"left\",\"vertical_align\":\"middle\",\"width\":\"xlarge\"},\"children\":[{\"type\":\"row\",\"props\":{\"column_gap\":\"large\",\"divider\":true,\"layout\":\"1-3,2-3\",\"margin\":\"xlarge\",\"row_gap\":\"large\",\"width\":\"large\"},\"children\":[{\"type\":\"column\",\"props\":{\"image_position\":\"center-center\",\"position_sticky_breakpoint\":\"m\",\"width_medium\":\"1-3\"},\"children\":[{\"type\":\"fragment\",\"props\":{\"margin\":\"default\"},\"children\":[{\"type\":\"row\",\"props\":{\"column_gap\":\"small\",\"layout\":\"large,expand\",\"row_gap\":\"small\"},\"children\":[{\"type\":\"column\",\"props\":{\"image_position\":\"center-center\",\"position_sticky_breakpoint\":\"m\",\"width_default\":\"auto\",\"width_large\":\"expand\",\"width_medium\":\"expand\",\"width_small\":\"auto\",\"width_xlarge\":\"expand\"},\"children\":[{\"type\":\"headline\",\"props\":{\"content\":\"Pourquoi\",\"margin_remove_bottom\":true,\"text_align\":\"right\",\"text_align_breakpoint\":\"m\",\"text_align_fallback\":\"right\",\"title_color\":\"primary\",\"title_element\":\"h3\",\"title_style\":\"h3\"},\"name\":\"1\"},{\"type\":\"headline\",\"props\":{\"content\":\"DIGITAL STEAM\",\"margin_remove_top\":true,\"text_align\":\"right\",\"text_align_breakpoint\":\"m\",\"text_align_fallback\":\"right\",\"title_color\":\"primary\",\"title_element\":\"h2\",\"title_style\":\"h2\"},\"name\":\"2\"}]},{\"type\":\"column\",\"props\":{\"image_position\":\"center-center\",\"position_sticky_breakpoint\":\"m\",\"vertical_align\":\"middle\",\"width_default\":\"auto\",\"width_large\":\"auto\",\"width_medium\":\"auto\",\"width_small\":\"auto\",\"width_xlarge\":\"auto\"},\"children\":[{\"type\":\"headline\",\"props\":{\"content\":\"?\",\"margin_remove_bottom\":true,\"margin_remove_top\":true,\"text_align\":\"center\",\"text_align_breakpoint\":\"m\",\"text_align_fallback\":\"left\",\"title_color\":\"primary\",\"title_element\":\"h2\",\"title_style\":\"heading-large\"},\"name\":\"2\"}]}]}]},{\"type\":\"divider\",\"props\":{\"animation\":\"none\",\"block_align\":\"right\",\"block_align_breakpoint\":\"m\",\"block_align_fallback\":\"center\",\"divider_align\":\"right\",\"divider_align_breakpoint\":\"m\",\"divider_align_fallback\":\"center\",\"divider_element\":\"div\",\"divider_style\":\"small\",\"maxwidth\":\"small\",\"maxwidth_breakpoint\":\"m\"}},{\"type\":\"headline\",\"props\":{\"animation\":\"parallax\",\"block_align\":\"right\",\"content\":\"Exp\\u00e9rience d'affaires num\\u00e9rique in\\u00e9gal\\u00e9e\",\"margin_remove_top\":true,\"maxwidth\":\"xlarge\",\"maxwidth_breakpoint\":\"m\",\"parallax_breakpoint\":\"m\",\"parallax_easing\":\"1\",\"parallax_end\":\"70vh + 70%\",\"parallax_opacity\":\"0.3,1\",\"parallax_y\":\"20,0\",\"text_align\":\"right\",\"text_align_breakpoint\":\"m\",\"text_align_fallback\":\"center\",\"title_element\":\"h3\",\"title_style\":\"h1\"}}]},{\"type\":\"column\",\"props\":{\"image_position\":\"center-center\",\"position_sticky_breakpoint\":\"m\",\"vertical_align\":\"middle\",\"width_medium\":\"2-3\"},\"children\":[{\"type\":\"text\",\"props\":{\"column_breakpoint\":\"m\",\"content\":\"\n\n<p>Chez DIGITALSteam, nous sommes une <strong>agence num\\u00e9rique tout-en-un<\\\/strong>, combinant diverses comp\\u00e9tences sous un m\\u00eame toit pour optimiser votre temps et vos ressources. Forts de notre vaste exp\\u00e9rience, d\\u00e9montr\\u00e9e par nos <a href=\\\"https:\\\/\\\/digitalsteam.ca\\\/realisations\\\/\\\"><strong>nombreuses r\\u00e9alisations<\\\/strong><\\\/a>, nous offrons des solutions rapides et efficaces.<\\\/p>\\n\n\n<p>Nous sommes particuli\\u00e8rement attentifs \\u00e0 vos besoins sp\\u00e9cifiques et <strong>nous nous investissons passionn\\u00e9ment dans votre r\\u00e9ussite<\\\/strong>. Avec DIGITALSteam, vous b\\u00e9n\\u00e9ficiez d'un partenaire v\\u00e9ritablement engag\\u00e9 envers l'obtention de r\\u00e9sultats positifs.<\\\/p>\",\"margin\":\"default\",\"maxwidth\":\"2xlarge\",\"text_align\":\"justify\",\"text_style\":\"large\"}}]}]}]},{\"name\":\"Benefits\",\"type\":\"section\",\"props\":{\"animation_delay\":false,\"image_effect\":\"parallax\",\"image_parallax_bgy\":\"-600,600\",\"image_parallax_easing\":\"1\",\"image_position\":\"top-center\",\"image_size\":\"cover\",\"image_width\":\"2560\",\"padding_remove_bottom\":false,\"style\":\"primary\",\"title_breakpoint\":\"xl\",\"title_position\":\"top-left\",\"title_rotation\":\"left\",\"vertical_align\":\"middle\",\"width\":\"\"},\"children\":[{\"type\":\"row\",\"props\":{\"column_gap\":\"small\",\"margin\":\"default\",\"row_gap\":\"small\",\"width\":\"xsmall\"},\"children\":[{\"type\":\"column\",\"props\":{\"image_position\":\"center-center\",\"position_sticky_breakpoint\":\"m\"},\"children\":[{\"type\":\"headline\",\"props\":{\"animation\":\"parallax\",\"content\":\"Design moderne et intemporel\",\"margin\":\"default\",\"margin_remove_bottom\":false,\"margin_remove_top\":false,\"parallax_breakpoint\":\"m\",\"parallax_easing\":\"1\",\"parallax_end\":\"60vh + 60%\",\"parallax_opacity\":\"0.3,1\",\"parallax_y\":\"30,0\",\"parallax_zindex\":false,\"text_align\":\"center\",\"title_element\":\"h2\",\"title_style\":\"h2\"}},{\"type\":\"text\",\"props\":{\"animation\":\"none\",\"column_breakpoint\":\"m\",\"content\":\"Bien que vous puissiez penser qu'il est plus efficace de r\\u00e9partir votre travail entre un large \\u00e9ventail de sp\\u00e9cialistes, la v\\u00e9rit\\u00e9 est que cela peut conduire \\u00e0 une sensation tr\\u00e8s \\u00abd\\u00e9connect\\u00e9e\\u00bb pour votre projet. \\u00c9quilibrer plusieurs chefs de projet, \\u00e9ch\\u00e9ances et processus d'approbation est un casse-t\\u00eate et le temps que vous \\u00e9conomisez en externalisant votre projet n'aura bient\\u00f4t plus d'importance que le temps que vous passerez \\u00e0 le g\\u00e9rer.\",\"margin\":\"default\",\"text_align\":\"justify\"}},{\"type\":\"text\",\"props\":{\"animation\":\"none\",\"column_breakpoint\":\"m\",\"content\":\"Travailler avec Digital Steam signifie que vous n'avez pas \\u00e0 vous soucier des incoh\\u00e9rences ou des probl\\u00e8mes de communication. Nos experts travaillent en \\u00e9troite collaboration avec vous pour vous aider \\u00e0 guider votre projet de la meilleure fa\\u00e7on pour vous et votre entreprise. \\u00catre une solution tout-en-un pour votre expansion num\\u00e9rique signifie que notre \\u00e9quipe travaille \\u00e0 partir du m\\u00eame sc\\u00e9nario et utilise notre expertise collective pour g\\u00e9n\\u00e9rer de nouvelles id\\u00e9es qui aident votre entreprise \\u00e0 se d\\u00e9marquer de la foule.\",\"margin\":\"default\",\"text_align\":\"justify\"}}]}]}]},{\"type\":\"section\",\"props\":{\"image_position\":\"center-center\",\"style\":\"secondary\",\"title_breakpoint\":\"xl\",\"title_position\":\"top-left\",\"title_rotation\":\"left\",\"vertical_align\":\"middle\",\"width\":\"default\"},\"children\":[{\"type\":\"row\",\"children\":[{\"type\":\"column\",\"props\":{\"image_position\":\"center-center\",\"position_sticky_breakpoint\":\"m\"},\"children\":[{\"type\":\"headline\",\"props\":{\"animation\":\"none\",\"content\":\"La seule agence dont vous avez besoin\",\"margin\":\"default\",\"margin_remove_bottom\":false,\"margin_remove_top\":false,\"parallax_breakpoint\":\"m\",\"parallax_easing\":\"1\",\"parallax_end\":\"60vh + 60%\",\"parallax_opacity\":\"0.3,1\",\"parallax_y\":\"30,0\",\"parallax_zindex\":false,\"text_align\":\"center\",\"title_element\":\"h2\",\"title_style\":\"h2\"}},{\"type\":\"text\",\"props\":{\"column_breakpoint\":\"m\",\"content\":\"Notre \\u00e9quipe se compose de v\\u00e9ritables experts de l'industrie avec des ann\\u00e9es d'exp\\u00e9rience dans le monde en constante \\u00e9volution de la strat\\u00e9gie num\\u00e9rique. Lorsque vous nous choisissez pour votre expansion num\\u00e9rique, vous \\u00eates entre de bonnes mains. Notre \\u00e9quipe vous aidera \\u00e0 garder votre passage \\u00e0 la sph\\u00e8re en ligne aussi simple et sans stress que possible. Avec notre \\u00e9quipe d\\u00e9di\\u00e9e \\u00e0 votre disposition, votre entreprise effectuera la transition avec un minimum d'efforts en votre nom.\",\"margin\":\"default\",\"text_align\":\"justify\"}}]}],\"props\":{\"width\":\"xsmall\"}}]}],\"version\":\"4.2.11\"} --><\/p>\n","protected":false},"excerpt":{"rendered":"<p>DIGITALSteam : Votre Catalyseur Num\u00e9rique Plus de 20 ans d&rsquo;Expertise et d&rsquo;Innovation au Service de Votre Croissance en Ligne Danny Malouin Strat\u00e8ge Digital N\u00e9e de l&rsquo;accumulation de plus de 20 ans d&rsquo;exp\u00e9rience en affaires num\u00e9riques et de collaborations fructueuses avec des partenaires strat\u00e9giques de longue date, DIGITALSteam est l&rsquo;accomplissement du parcours professionnel de Danny Malouin. [&hellip;]<\/p>\n","protected":false},"author":1,"featured_media":0,"parent":1727,"menu_order":0,"comment_status":"closed","ping_status":"closed","template":"","meta":{"footnotes":""},"class_list":["post-1935","page","type-page","status-publish","hentry"],"_links":{"self":[{"href":"https:\/\/digitalsteam.ca\/fr\/wp-json\/wp\/v2\/pages\/1935","targetHints":{"allow":["GET"]}}],"collection":[{"href":"https:\/\/digitalsteam.ca\/fr\/wp-json\/wp\/v2\/pages"}],"about":[{"href":"https:\/\/digitalsteam.ca\/fr\/wp-json\/wp\/v2\/types\/page"}],"author":[{"embeddable":true,"href":"https:\/\/digitalsteam.ca\/fr\/wp-json\/wp\/v2\/users\/1"}],"replies":[{"embeddable":true,"href":"https:\/\/digitalsteam.ca\/fr\/wp-json\/wp\/v2\/comments?post=1935"}],"version-history":[{"count":0,"href":"https:\/\/digitalsteam.ca\/fr\/wp-json\/wp\/v2\/pages\/1935\/revisions"}],"up":[{"embeddable":true,"href":"https:\/\/digitalsteam.ca\/fr\/wp-json\/wp\/v2\/pages\/1727"}],"wp:attachment":[{"href":"https:\/\/digitalsteam.ca\/fr\/wp-json\/wp\/v2\/media?parent=1935"}],"curies":[{"name":"wp","href":"https:\/\/api.w.org\/{rel}","templated":true}]}}